{"id":1743,"date":"2018-05-07T10:53:40","date_gmt":"2018-05-07T10:53:40","guid":{"rendered":"http:\/\/peluaga.tiendastm.com\/?page_id=1743\/"},"modified":"2026-04-23T06:15:23","modified_gmt":"2026-04-23T06:15:23","slug":"reservas-preus","status":"publish","type":"page","link":"https:\/\/peluaga.com\/ca\/reservas-preus\/","title":{"rendered":"Reservas"},"content":{"rendered":"<h4 style=\"text-align: center;\">Consulta la disponibilitat i reserva en l\u00ednia<\/h4>\n<p style=\"text-align: center;\">Si no podeu pr\u00e9mer sobre els dies al calendari \u00e9s qu5 estem complets<\/p>\n<p style=\"text-align: center;\"><span style=\"color: #ff0000;\">\u00daltima reserva realitzada:: 2026. ABRIL 23.<\/span><\/p>\n\n\n<div class=\"wp-block-buttons is-content-justification-center is-layout-flex wp-container-core-buttons-is-layout-1 wp-block-buttons-is-layout-flex\">\n<div class=\"wp-block-button\"><a class=\"wp-block-button__link has-text-align-center wp-element-button\" href=\"https:\/\/reservas.ibizi.net\/hotel\/197\">RESERVAR<\/a><\/div>\n<\/div>\n","protected":false},"excerpt":{"rendered":"<p>Consulta la disponibilitat i reserva en l\u00ednia Si no podeu pr\u00e9mer sobre els dies al calendari \u00e9s qu5 estem complets \u00daltima reserva realitzada:: 2026. ABRIL 23.<\/p>\n","protected":false},"author":2,"featured_media":0,"parent":0,"menu_order":0,"comment_status":"closed","ping_status":"closed","template":"","meta":{"_genesis_hide_title":false,"_genesis_hide_breadcrumbs":false,"_genesis_hide_singular_image":false,"_genesis_hide_footer_widgets":false,"_genesis_custom_body_class":"","_genesis_custom_post_class":"","_genesis_layout":"","footnotes":""},"class_list":{"0":"post-1743","1":"page","2":"type-page","3":"status-publish","5":"entry"},"yoast_head":"<!-- This site is optimized with the Yoast SEO plugin v19.3 - https:\/\/yoast.com\/wordpress\/plugins\/seo\/ -->\n<title>Reservas - Casa Peluaga Oiartzun<\/title>\n<meta name=\"robots\" content=\"index, nofollow, max-snippet:-1, max-image-preview:large, max-video-preview:-1\" \/>\n<link rel=\"canonical\" href=\"https:\/\/peluaga.com\/ca\/reservas-preus\/\" \/>\n<meta property=\"og:locale\" content=\"ca_ES\" \/>\n<meta property=\"og:type\" content=\"article\" \/>\n<meta property=\"og:title\" content=\"Reservas - Casa Peluaga Oiartzun\" \/>\n<meta property=\"og:description\" content=\"Consulta la disponibilitat i reserva en l\u00ednia Si no podeu pr\u00e9mer sobre els dies al calendari \u00e9s qu5 estem complets \u00daltima reserva realitzada:: 2026. ABRIL 23.\" \/>\n<meta property=\"og:url\" content=\"https:\/\/peluaga.com\/ca\/reservas-preus\/\" \/>\n<meta property=\"og:site_name\" content=\"Casa Peluaga Oiartzun\" \/>\n<meta property=\"article:modified_time\" content=\"2026-04-23T06:15:23+00:00\" \/>\n<meta name=\"twitter:card\" content=\"summary_large_image\" \/>\n<script type=\"application\/ld+json\" class=\"yoast-schema-graph\">{\"@context\":\"https:\/\/schema.org\",\"@graph\":[{\"@type\":\"WebSite\",\"@id\":\"https:\/\/peluaga.com\/#website\",\"url\":\"https:\/\/peluaga.com\/\",\"name\":\"Casa Peluaga Oiartzun\",\"description\":\"Casa Peluaga Oiartzun cerca de Donostia - San Sebasti\u00e1n\",\"potentialAction\":[{\"@type\":\"SearchAction\",\"target\":{\"@type\":\"EntryPoint\",\"urlTemplate\":\"https:\/\/peluaga.com\/?s={search_term_string}\"},\"query-input\":\"required name=search_term_string\"}],\"inLanguage\":\"ca\"},{\"@type\":\"WebPage\",\"@id\":\"https:\/\/peluaga.com\/ca\/reservas-preus\/\",\"url\":\"https:\/\/peluaga.com\/ca\/reservas-preus\/\",\"name\":\"Reservas - Casa Peluaga Oiartzun\",\"isPartOf\":{\"@id\":\"https:\/\/peluaga.com\/#website\"},\"datePublished\":\"2018-05-07T10:53:40+00:00\",\"dateModified\":\"2026-04-23T06:15:23+00:00\",\"breadcrumb\":{\"@id\":\"https:\/\/peluaga.com\/ca\/reservas-preus\/#breadcrumb\"},\"inLanguage\":\"ca\",\"potentialAction\":[{\"@type\":\"ReadAction\",\"target\":[\"https:\/\/peluaga.com\/ca\/reservas-preus\/\"]}]},{\"@type\":\"BreadcrumbList\",\"@id\":\"https:\/\/peluaga.com\/ca\/reservas-preus\/#breadcrumb\",\"itemListElement\":[{\"@type\":\"ListItem\",\"position\":1,\"name\":\"Portada\",\"item\":\"https:\/\/peluaga.com\/\"},{\"@type\":\"ListItem\",\"position\":2,\"name\":\"Reservas\"}]}]}<\/script>\n<!-- \/ Yoast SEO plugin. -->","yoast_head_json":{"title":"Reservas - Casa Peluaga Oiartzun","robots":{"index":"index","follow":"nofollow","max-snippet":"max-snippet:-1","max-image-preview":"max-image-preview:large","max-video-preview":"max-video-preview:-1"},"canonical":"https:\/\/peluaga.com\/ca\/reservas-preus\/","og_locale":"ca_ES","og_type":"article","og_title":"Reservas - Casa Peluaga Oiartzun","og_description":"Consulta la disponibilitat i reserva en l\u00ednia Si no podeu pr\u00e9mer sobre els dies al calendari \u00e9s qu5 estem complets \u00daltima reserva realitzada:: 2026. ABRIL 23.","og_url":"https:\/\/peluaga.com\/ca\/reservas-preus\/","og_site_name":"Casa Peluaga Oiartzun","article_modified_time":"2026-04-23T06:15:23+00:00","twitter_card":"summary_large_image","schema":{"@context":"https:\/\/schema.org","@graph":[{"@type":"WebSite","@id":"https:\/\/peluaga.com\/#website","url":"https:\/\/peluaga.com\/","name":"Casa Peluaga Oiartzun","description":"Casa Peluaga Oiartzun cerca de Donostia - San Sebasti\u00e1n","potentialAction":[{"@type":"SearchAction","target":{"@type":"EntryPoint","urlTemplate":"https:\/\/peluaga.com\/?s={search_term_string}"},"query-input":"required name=search_term_string"}],"inLanguage":"ca"},{"@type":"WebPage","@id":"https:\/\/peluaga.com\/ca\/reservas-preus\/","url":"https:\/\/peluaga.com\/ca\/reservas-preus\/","name":"Reservas - Casa Peluaga Oiartzun","isPartOf":{"@id":"https:\/\/peluaga.com\/#website"},"datePublished":"2018-05-07T10:53:40+00:00","dateModified":"2026-04-23T06:15:23+00:00","breadcrumb":{"@id":"https:\/\/peluaga.com\/ca\/reservas-preus\/#breadcrumb"},"inLanguage":"ca","potentialAction":[{"@type":"ReadAction","target":["https:\/\/peluaga.com\/ca\/reservas-preus\/"]}]},{"@type":"BreadcrumbList","@id":"https:\/\/peluaga.com\/ca\/reservas-preus\/#breadcrumb","itemListElement":[{"@type":"ListItem","position":1,"name":"Portada","item":"https:\/\/peluaga.com\/"},{"@type":"ListItem","position":2,"name":"Reservas"}]}]}},"_links":{"self":[{"href":"https:\/\/peluaga.com\/ca\/wp-json\/wp\/v2\/pages\/1743"}],"collection":[{"href":"https:\/\/peluaga.com\/ca\/wp-json\/wp\/v2\/pages"}],"about":[{"href":"https:\/\/peluaga.com\/ca\/wp-json\/wp\/v2\/types\/page"}],"author":[{"embeddable":true,"href":"https:\/\/peluaga.com\/ca\/wp-json\/wp\/v2\/users\/2"}],"replies":[{"embeddable":true,"href":"https:\/\/peluaga.com\/ca\/wp-json\/wp\/v2\/comments?post=1743"}],"version-history":[{"count":242,"href":"https:\/\/peluaga.com\/ca\/wp-json\/wp\/v2\/pages\/1743\/revisions"}],"predecessor-version":[{"id":3750,"href":"https:\/\/peluaga.com\/ca\/wp-json\/wp\/v2\/pages\/1743\/revisions\/3750"}],"wp:attachment":[{"href":"https:\/\/peluaga.com\/ca\/wp-json\/wp\/v2\/media?parent=1743"}],"curies":[{"name":"wp","href":"https:\/\/api.w.org\/{rel}","templated":true}]}}