{"id":1724,"date":"2018-05-03T08:44:50","date_gmt":"2018-05-03T08:44:50","guid":{"rendered":"http:\/\/peluaga.tiendastm.com\/?page_id=1724\/"},"modified":"2018-07-17T23:17:59","modified_gmt":"2018-07-17T23:17:59","slug":"com-arribar-hi","status":"publish","type":"page","link":"https:\/\/peluaga.com\/ca\/com-arribar-hi\/","title":{"rendered":"Com arribar-hi"},"content":{"rendered":"<h2 style=\"text-align: center;\">Peluaga Zahar<\/h2>\n<p style=\"text-align: center;\">Arkaleko Bidea, 31<br \/>\n20180 Oiartzun<\/p>\n<p style=\"text-align: center;\">GIPUZKOA<\/p>\n<p style=\"text-align: center;\">Coordenades: 43.311167,-1.856588<\/p>\n<p style=\"text-align: center;\"><strong>TEL. [+34] 661 858 158<\/strong><\/p>\n<p>&nbsp;<\/p>\n\n                <div class='gf_browser_gecko gform_wrapper' id='gform_wrapper_2' ><form method='post' enctype='multipart\/form-data'  id='gform_2'  action='\/ca\/wp-json\/wp\/v2\/pages\/1724'>\n                        <div class='gform_heading'>\n                            <h3 class='gform_title'>Consulta <\/h3>\n                            <span class='gform_description'><\/span>\n                        <\/div>\n                        <div class='gform_body'><ul id='gform_fields_2' class='gform_fields top_label form_sublabel_below description_below'><li id='field_2_1' class='gfield field_sublabel_below field_description_below gfield_visibility_visible' ><label class='gfield_label' for='input_2_1' >Nom i Cognom<\/label><div class='ginput_container ginput_container_text'><input name='input_1' id='input_2_1' type='text' value='' class='medium'  tabindex='1'    aria-invalid=\"false\" \/><\/div><\/li><li id='field_2_3' class='gfield field_sublabel_below field_description_below gfield_visibility_visible' ><label class='gfield_label' for='input_2_3' >Consulta<\/label><div class='ginput_container ginput_container_textarea'><textarea name='input_3' id='input_2_3' class='textarea medium' tabindex='2'    aria-invalid=\"false\"   rows='10' cols='50'><\/textarea><\/div><\/li><li id='field_2_5' class='gfield gfield_contains_required field_sublabel_below field_description_below gfield_visibility_visible' ><label class='gfield_label' for='input_2_5' >Tel\u00e8fon<span class='gfield_required'>*<\/span><\/label><div class='ginput_container ginput_container_text'><input name='input_5' id='input_2_5' type='text' value='' class='medium'  tabindex='3'   aria-required=\"true\" aria-invalid=\"false\" \/><\/div><\/li><li id='field_2_2' class='gfield gfield_contains_required field_sublabel_below field_description_below gfield_visibility_visible' ><label class='gfield_label' for='input_2_2' >E-mail<span class='gfield_required'>*<\/span><\/label><div class='ginput_container ginput_container_text'><input name='input_2' id='input_2_2' type='text' value='' class='medium'  tabindex='4'   aria-required=\"true\" aria-invalid=\"false\" \/><\/div><div class='gfield_description'>** En compliment de la Llei org\u00e0nica 15\/1999, de protecci\u00f3 de dades de car\u00e0cter personal, les dades personals proporcionades es podran incorporar a un arxiu confidencial, destinat a un \u00fas exclusiu intern, del qual PELUAGA \u00e9s responsable. Podreu exercir els drets d'acc\u00e9s, rectificaci\u00f3, oposici\u00f3 i cancel\u00b7laci\u00f3 dirigint-vos per escrit a l'adre\u00e7a Camino de Arkale n.\u00ba 32, 20180 Oiartzun-Gipuzkoa o mitjan\u00e7ant un correu electr\u00f2nic a peluagatur@gmail.com.<\/div><\/li><li id='field_2_4' class='gfield field_sublabel_below field_description_below gfield_visibility_visible' ><label class='gfield_label' for='input_2_4' >Captcha<\/label><div id='input_2_4' class='ginput_container ginput_recaptcha' data-sitekey='6LcJdmIUAAAAAKdDKR10-I_QFZkyPqX6F5eXYydE'  data-theme='light' ><\/div><\/li>\n                            <\/ul><\/div>\n        <div class='gform_footer top_label'> <input type='submit' id='gform_submit_button_2' class='gform_button button' value='Enviar' tabindex='5' onclick='if(window[\"gf_submitting_2\"]){return false;}  window[\"gf_submitting_2\"]=true;  ' onkeypress='if( event.keyCode == 13 ){ if(window[\"gf_submitting_2\"]){return false;} window[\"gf_submitting_2\"]=true;  jQuery(\"#gform_2\").trigger(\"submit\",[true]); }' \/> \n            <input type='hidden' class='gform_hidden' name='is_submit_2' value='1' \/>\n            <input type='hidden' class='gform_hidden' name='gform_submit' value='2' \/>\n            \n            <input type='hidden' class='gform_hidden' name='gform_unique_id' value='' \/>\n            <input type='hidden' class='gform_hidden' name='state_2' value='WyJbXSIsIjI5YzA4NDdlMWYyM2UyMWQ2YjJiOTMyNzliZjczZGY3Il0=' \/>\n            <input type='hidden' class='gform_hidden' name='gform_target_page_number_2' id='gform_target_page_number_2' value='0' \/>\n            <input type='hidden' class='gform_hidden' name='gform_source_page_number_2' id='gform_source_page_number_2' value='1' \/>\n            <input type='hidden' name='gform_field_values' value='' \/>\n            \n        <\/div>\n                        <\/form>\n                        <\/div><script type='text\/javascript'> if(typeof gf_global == 'undefined') var gf_global = {\"gf_currency_config\":{\"name\":\"Euro\",\"symbol_left\":\"\",\"symbol_right\":\"&#8364;\",\"symbol_padding\":\" \",\"thousand_separator\":\".\",\"decimal_separator\":\",\",\"decimals\":2},\"base_url\":\"https:\\\/\\\/peluaga.com\\\/wp-content\\\/plugins\\\/gravityforms\",\"number_formats\":[],\"spinnerUrl\":\"https:\\\/\\\/peluaga.com\\\/wp-content\\\/plugins\\\/gravityforms\\\/images\\\/spinner.gif\"};jQuery(document).bind('gform_post_render', function(event, formId, currentPage){if(formId == 2) {} } );jQuery(document).bind('gform_post_conditional_logic', function(event, formId, fields, isInit){} );<\/script><script type='text\/javascript'> jQuery(document).ready(function(){jQuery(document).trigger('gform_post_render', [2, 1]) } ); <\/script>\n<h2>Com arribar a Peluaga (sense pagar peatge)<\/h2>\n<p><iframe loading=\"lazy\" style=\"border: 0;\" src=\"https:\/\/www.google.com\/maps\/embed?pb=!1m18!1m12!1m3!1d2903.1593633728567!2d-1.8586537845133246!3d43.31092147913451!2m3!1f0!2f0!3f0!3m2!1i1024!2i768!4f13.1!3m3!1m2!1s0x0%3A0x5b849548c77556a2!2sPeluaga!5e1!3m2!1ses!2ses!4v1519755938269\" width=\"1300\" height=\"350\" frameborder=\"0\" allowfullscreen=\"allowfullscreen\"><\/iframe><\/p>\n<p>OIARTZUN<\/p>\n<p>Dos accessos per arribar al mas Peluaga, sense cap dificultat per al vehicle i amb aparcament privat i enllumenat.<\/p>\n<p>GPS: Arkaleko Bidea, 31<\/p>\n<p>Coordenades:<\/p>\n<p>Nord: 43\u00b0 18&#8242; 25&#8221;<\/p>\n<p>Oest: 1\u00b0 51&#8242; 40&#8221;<\/p>\n<p><strong>Des de Donostia \/ Sant Sebasti\u00e0<\/strong><br \/>\nTrobant-nos al centre de Donostia \/ Sant Sebasti\u00e0, la sortida \u00e9s en direcci\u00f3 IRUN-BAIONA.<\/p>\n<p><strong>De viatge cap a Donostia \/ Sant Sebasti\u00e0<\/strong>, circulant per l&#8217;autovia en direcci\u00f3 IRUN-BAIONA, un cop que veiem la ciutat a l&#8217;esquerra, enlla\u00e7arem amb la via que surt de la ciutat en direcci\u00f3 IRUN-BAIONA.<\/p>\n<p>A continuaci\u00f3, entrarem al t\u00fanel Polloe i, despr\u00e9s de travessar-lo, a 1 km seguirem en direcci\u00f3 a:<\/p>\n<p>GI-20<\/p>\n<p>PASAIA<\/p>\n<p>AP-8, N-I IRUN- BAIONA<\/p>\n<p>Recorrerem 2 km m\u00e9s, deixarem l&#8217;AP-8 IRUN-BAIONA (peatge) i sortirem a la sortida 4 en direcci\u00f3 GI-636 ERRENTERIA-LEZO-IRUN.<\/p>\n<p>Seguirem 6 km a la GI-636 IRUN-BAIONA.<\/p>\n<p>En aquests 6 km trobem les sortides d&#8217;ERRENTERIA, LEZO i OIARTZUN. NO hem de sortir en cap de les sortides indicades.<\/p>\n<p>Seguirem en direcci\u00f3 GI-636 IRUN-BAIONA.<\/p>\n<p>A 2 km trobarem la sortida principal per arribar a la CASA RURAL PELUAGA.<\/p>\n<p>La sortida indica el seg\u00fcent: GI-3632 LANBARREN-GURUTZE.<\/p>\n<p>Seguirem a la GI-3632 ARKALE \u2013 OIARTZUN.<\/p>\n<p>Finalment, arribarem a la Casa rural Peluaga. Bon viatge.<\/p>\n","protected":false},"excerpt":{"rendered":"<p>Peluaga Zahar Arkaleko Bidea, 31 20180 Oiartzun GIPUZKOA Coordenades: 43.311167,-1.856588 TEL. [+34] 661 858 158 &nbsp; Com arribar a Peluaga (sense pagar peatge) OIARTZUN Dos accessos per arribar al mas Peluaga, sense cap dificultat per al vehicle i amb aparcament privat i enllumenat. GPS: Arkaleko Bidea, 31 Coordenades: Nord: 43\u00b0 18&#8242; 25&#8221; Oest: 1\u00b0 51&#8242; [&hellip;]<\/p>\n","protected":false},"author":2,"featured_media":0,"parent":0,"menu_order":0,"comment_status":"closed","ping_status":"closed","template":"","meta":{"_genesis_hide_title":false,"_genesis_hide_breadcrumbs":false,"_genesis_hide_singular_image":false,"_genesis_hide_footer_widgets":false,"_genesis_custom_body_class":"","_genesis_custom_post_class":"","_genesis_layout":"content-sidebar","footnotes":""},"class_list":{"0":"post-1724","1":"page","2":"type-page","3":"status-publish","5":"entry"},"yoast_head":"<!-- This site is optimized with the Yoast SEO plugin v19.3 - https:\/\/yoast.com\/wordpress\/plugins\/seo\/ -->\n<title>Com arribar-hi - Casa Peluaga Oiartzun<\/title>\n<meta name=\"robots\" content=\"index, follow, max-snippet:-1, max-image-preview:large, max-video-preview:-1\" \/>\n<link rel=\"canonical\" href=\"https:\/\/peluaga.com\/ca\/com-arribar-hi\/\" \/>\n<meta property=\"og:locale\" content=\"ca_ES\" \/>\n<meta property=\"og:type\" content=\"article\" \/>\n<meta property=\"og:title\" content=\"Com arribar-hi - Casa Peluaga Oiartzun\" \/>\n<meta property=\"og:description\" content=\"Peluaga Zahar Arkaleko Bidea, 31 20180 Oiartzun GIPUZKOA Coordenades: 43.311167,-1.856588 TEL. [+34] 661 858 158 &nbsp; Com arribar a Peluaga (sense pagar peatge) OIARTZUN Dos accessos per arribar al mas Peluaga, sense cap dificultat per al vehicle i amb aparcament privat i enllumenat. GPS: Arkaleko Bidea, 31 Coordenades: Nord: 43\u00b0 18&#8242; 25&#8221; Oest: 1\u00b0 51&#8242; [&hellip;]\" \/>\n<meta property=\"og:url\" content=\"https:\/\/peluaga.com\/ca\/com-arribar-hi\/\" \/>\n<meta property=\"og:site_name\" content=\"Casa Peluaga Oiartzun\" \/>\n<meta property=\"article:modified_time\" content=\"2018-07-17T23:17:59+00:00\" \/>\n<meta name=\"twitter:card\" content=\"summary_large_image\" \/>\n<meta name=\"twitter:label1\" content=\"Temps estimat de lectura\" \/>\n\t<meta name=\"twitter:data1\" content=\"1 minut\" \/>\n<script type=\"application\/ld+json\" class=\"yoast-schema-graph\">{\"@context\":\"https:\/\/schema.org\",\"@graph\":[{\"@type\":\"WebSite\",\"@id\":\"https:\/\/peluaga.com\/#website\",\"url\":\"https:\/\/peluaga.com\/\",\"name\":\"Casa Peluaga Oiartzun\",\"description\":\"Casa Peluaga Oiartzun cerca de Donostia - San Sebasti\u00e1n\",\"potentialAction\":[{\"@type\":\"SearchAction\",\"target\":{\"@type\":\"EntryPoint\",\"urlTemplate\":\"https:\/\/peluaga.com\/?s={search_term_string}\"},\"query-input\":\"required name=search_term_string\"}],\"inLanguage\":\"ca\"},{\"@type\":\"WebPage\",\"@id\":\"https:\/\/peluaga.com\/ca\/com-arribar-hi\/\",\"url\":\"https:\/\/peluaga.com\/ca\/com-arribar-hi\/\",\"name\":\"Com arribar-hi - Casa Peluaga Oiartzun\",\"isPartOf\":{\"@id\":\"https:\/\/peluaga.com\/#website\"},\"datePublished\":\"2018-05-03T08:44:50+00:00\",\"dateModified\":\"2018-07-17T23:17:59+00:00\",\"breadcrumb\":{\"@id\":\"https:\/\/peluaga.com\/ca\/com-arribar-hi\/#breadcrumb\"},\"inLanguage\":\"ca\",\"potentialAction\":[{\"@type\":\"ReadAction\",\"target\":[\"https:\/\/peluaga.com\/ca\/com-arribar-hi\/\"]}]},{\"@type\":\"BreadcrumbList\",\"@id\":\"https:\/\/peluaga.com\/ca\/com-arribar-hi\/#breadcrumb\",\"itemListElement\":[{\"@type\":\"ListItem\",\"position\":1,\"name\":\"Portada\",\"item\":\"https:\/\/peluaga.com\/\"},{\"@type\":\"ListItem\",\"position\":2,\"name\":\"Com arribar-hi\"}]}]}<\/script>\n<!-- \/ Yoast SEO plugin. -->","yoast_head_json":{"title":"Com arribar-hi - Casa Peluaga Oiartzun","robots":{"index":"index","follow":"follow","max-snippet":"max-snippet:-1","max-image-preview":"max-image-preview:large","max-video-preview":"max-video-preview:-1"},"canonical":"https:\/\/peluaga.com\/ca\/com-arribar-hi\/","og_locale":"ca_ES","og_type":"article","og_title":"Com arribar-hi - Casa Peluaga Oiartzun","og_description":"Peluaga Zahar Arkaleko Bidea, 31 20180 Oiartzun GIPUZKOA Coordenades: 43.311167,-1.856588 TEL. [+34] 661 858 158 &nbsp; Com arribar a Peluaga (sense pagar peatge) OIARTZUN Dos accessos per arribar al mas Peluaga, sense cap dificultat per al vehicle i amb aparcament privat i enllumenat. GPS: Arkaleko Bidea, 31 Coordenades: Nord: 43\u00b0 18&#8242; 25&#8221; Oest: 1\u00b0 51&#8242; [&hellip;]","og_url":"https:\/\/peluaga.com\/ca\/com-arribar-hi\/","og_site_name":"Casa Peluaga Oiartzun","article_modified_time":"2018-07-17T23:17:59+00:00","twitter_card":"summary_large_image","twitter_misc":{"Temps estimat de lectura":"1 minut"},"schema":{"@context":"https:\/\/schema.org","@graph":[{"@type":"WebSite","@id":"https:\/\/peluaga.com\/#website","url":"https:\/\/peluaga.com\/","name":"Casa Peluaga Oiartzun","description":"Casa Peluaga Oiartzun cerca de Donostia - San Sebasti\u00e1n","potentialAction":[{"@type":"SearchAction","target":{"@type":"EntryPoint","urlTemplate":"https:\/\/peluaga.com\/?s={search_term_string}"},"query-input":"required name=search_term_string"}],"inLanguage":"ca"},{"@type":"WebPage","@id":"https:\/\/peluaga.com\/ca\/com-arribar-hi\/","url":"https:\/\/peluaga.com\/ca\/com-arribar-hi\/","name":"Com arribar-hi - Casa Peluaga Oiartzun","isPartOf":{"@id":"https:\/\/peluaga.com\/#website"},"datePublished":"2018-05-03T08:44:50+00:00","dateModified":"2018-07-17T23:17:59+00:00","breadcrumb":{"@id":"https:\/\/peluaga.com\/ca\/com-arribar-hi\/#breadcrumb"},"inLanguage":"ca","potentialAction":[{"@type":"ReadAction","target":["https:\/\/peluaga.com\/ca\/com-arribar-hi\/"]}]},{"@type":"BreadcrumbList","@id":"https:\/\/peluaga.com\/ca\/com-arribar-hi\/#breadcrumb","itemListElement":[{"@type":"ListItem","position":1,"name":"Portada","item":"https:\/\/peluaga.com\/"},{"@type":"ListItem","position":2,"name":"Com arribar-hi"}]}]}},"_links":{"self":[{"href":"https:\/\/peluaga.com\/ca\/wp-json\/wp\/v2\/pages\/1724"}],"collection":[{"href":"https:\/\/peluaga.com\/ca\/wp-json\/wp\/v2\/pages"}],"about":[{"href":"https:\/\/peluaga.com\/ca\/wp-json\/wp\/v2\/types\/page"}],"author":[{"embeddable":true,"href":"https:\/\/peluaga.com\/ca\/wp-json\/wp\/v2\/users\/2"}],"replies":[{"embeddable":true,"href":"https:\/\/peluaga.com\/ca\/wp-json\/wp\/v2\/comments?post=1724"}],"version-history":[{"count":0,"href":"https:\/\/peluaga.com\/ca\/wp-json\/wp\/v2\/pages\/1724\/revisions"}],"wp:attachment":[{"href":"https:\/\/peluaga.com\/ca\/wp-json\/wp\/v2\/media?parent=1724"}],"curies":[{"name":"wp","href":"https:\/\/api.w.org\/{rel}","templated":true}]}}