{"id":1716,"date":"2018-05-03T08:26:38","date_gmt":"2018-05-03T08:26:38","guid":{"rendered":"http:\/\/peluaga.tiendastm.com\/?page_id=1716\/"},"modified":"2018-05-03T08:26:38","modified_gmt":"2018-05-03T08:26:38","slug":"activitats","status":"publish","type":"page","link":"https:\/\/peluaga.com\/ca\/activitats\/","title":{"rendered":"Activitats"},"content":{"rendered":"<div id=\"metaslider-id-1017\" style=\"max-width: 1800px; margin: 0 auto;\" class=\"ml-slider-3-107-0 metaslider metaslider-flex metaslider-1017 ml-slider has-dots-nav ms-theme-default\" role=\"region\" aria-label=\"inicio\" data-height=\"700\" data-width=\"1800\">\n    <div id=\"metaslider_container_1017\">\n        <div id=\"metaslider_1017\">\n            <ul class='slides'>\n                <li style=\"display: block; width: 100%;\" class=\"slide-1457 ms-image \" aria-roledescription=\"slide\" data-date=\"2018-04-02 22:42:44\" data-filename=\"Bahia-de-la-Concha-2-1-1300x505.jpg\" data-slide-type=\"image\"><img loading=\"lazy\" decoding=\"async\" src=\"https:\/\/peluaga.com\/wp-content\/uploads\/2018\/03\/Bahia-de-la-Concha-2-1-1300x505.jpg\" height=\"700\" width=\"1800\" alt=\"\" class=\"slider-1017 slide-1457 msDefaultImage\" title=\"Bahia de la Concha 2\" \/><\/li>\n                <li style=\"display: none; width: 100%;\" class=\"slide-1408 ms-image \" aria-roledescription=\"slide\" data-date=\"2018-03-22 13:00:04\" data-filename=\"1280px-Gaztelugatxe_klasikoa-1300x505.jpeg\" data-slide-type=\"image\"><img loading=\"lazy\" decoding=\"async\" src=\"https:\/\/peluaga.com\/wp-content\/uploads\/2018\/03\/1280px-Gaztelugatxe_klasikoa-1300x505.jpeg\" height=\"700\" width=\"1800\" alt=\"\" class=\"slider-1017 slide-1408 msDefaultImage\" \/><\/li>\n                <li style=\"display: none; width: 100%;\" class=\"slide-1409 ms-image \" aria-roledescription=\"slide\" data-date=\"2018-03-22 13:00:05\" data-filename=\"IMG_0563-1300x505.jpeg\" data-slide-type=\"image\"><img loading=\"lazy\" decoding=\"async\" src=\"https:\/\/peluaga.com\/wp-content\/uploads\/2018\/03\/IMG_0563-1300x505.jpeg\" height=\"700\" width=\"1800\" alt=\"\" class=\"slider-1017 slide-1409 msDefaultImage\" \/><\/li>\n                <li style=\"display: none; width: 100%;\" class=\"slide-1419 ms-image \" aria-roledescription=\"slide\" data-date=\"2018-03-22 13:08:47\" data-filename=\"Guggenheim-Bilbao-1280x497.jpg\" data-slide-type=\"image\"><img loading=\"lazy\" decoding=\"async\" src=\"https:\/\/peluaga.com\/wp-content\/uploads\/2018\/03\/Guggenheim-Bilbao-1280x497.jpg\" height=\"700\" width=\"1800\" alt=\"\" class=\"slider-1017 slide-1419 msDefaultImage\" \/><\/li>\n                <li style=\"display: none; width: 100%;\" class=\"slide-1459 ms-image \" aria-roledescription=\"slide\" data-date=\"2018-04-02 22:44:13\" data-filename=\"Museo_Oteiza-11_202-1-1300x505.jpeg\" data-slide-type=\"image\"><img loading=\"lazy\" decoding=\"async\" src=\"https:\/\/peluaga.com\/wp-content\/uploads\/2018\/03\/Museo_Oteiza-11_202-1-1300x505.jpeg\" height=\"700\" width=\"1800\" alt=\"\" class=\"slider-1017 slide-1459 msDefaultImage\" title=\"Museo_Oteiza-11_202\" \/><\/li>\n                <li style=\"display: none; width: 100%;\" class=\"slide-1460 ms-image \" aria-roledescription=\"slide\" data-date=\"2018-04-02 22:45:05\" data-filename=\"France-Piment_dEspelette-2005-08-05-1300x505.jpeg\" data-slide-type=\"image\"><img loading=\"lazy\" decoding=\"async\" src=\"https:\/\/peluaga.com\/wp-content\/uploads\/2018\/03\/France-Piment_dEspelette-2005-08-05-1300x505.jpeg\" height=\"700\" width=\"1800\" alt=\"\" class=\"slider-1017 slide-1460 msDefaultImage\" title=\"France-Piment_d&#039;Espelette-2005-08-05\" \/><\/li>\n            <\/ul>\n        <\/div>\n        \n    <\/div>\n<\/div>\n<p>Se situa a l&#8217;entrada del Parc Natural Aiako Harria (Pe\u00f1as de Aia), en territori del municipi d&#8217;Oiartzun. Es pot gaudir de la muntanya, del mar, o de la ciutat de Donostia \/ Sant Sebasti\u00e0, que es troba a 10 minuts. Als voltants hi ha els restaurants m\u00e9s recomanats de la contrada.<\/p>\n<p>Disposa d&#8217;un acc\u00e9s immillorable, est\u00e0 tocant al nord amb Hondarribia, al sud amb el fort de San Marcos, a l&#8217;est amb el Parc Natural Aiako Harria (Pe\u00f1as de Aia) i a l&#8217;oest amb Donostia \/ Sant Sebasti\u00e0.<\/p>\n<h2>Agenda d&#8217;activitats<\/h2>\n<p>16\/01 Inauguraci\u00f3 de la nova sidra (obertura de sidreries).<\/p>\n<p>20\/01 Dia de Donostia \/ Sant Sebasti\u00e0 (tocada de tambors).<\/p>\n<p>17\/03 Dia de l&#8217;apicultor (Zegama).<\/p>\n<p>10\/04 Dia del pastor (Ordizia).<\/p>\n<p>28-29\/04 XVII edici\u00f3 de la fira de plantes (Aia).<\/p>\n<p>28\/04 XXXI edici\u00f3 del dia de la sidra amb degustaci\u00f3 de diverses sidres d&#8217;Euskal Herria (Orereta).<\/p>\n<p>13\/05 Dia d&#8217;activitats culturals i de suport a l&#8217;idioma euskara, amb una assist\u00e8ncia mitjana de 100.000 persones (llac Senpere).<\/p>\n<p>20\/05 XXXVIII edici\u00f3 del dia de la sidra, amb degustaci\u00f3 de sidra natural (Usurbil).<\/p>\n<p>26\/05 D\u00eda de la sidra, amb degustaci\u00f3 (Oiartzun).<\/p>\n<p>30\/06 Txakolinaren eguna, amb 22 colliters de xacol\u00ed (part vella de Donostia \/ Sant Sebasti\u00e0).<\/p>\n<p>11-18\/08 Fira de productes agr\u00edcoles del Pa\u00eds Basc (Donostia \/ Sant Sebasti\u00e0, carrer Loiola).<\/p>\n<p>17\/08 Agricultura Biol\u00f2gica XII: exhibici\u00f3 i venda de productes ecol\u00f2gics (Zarautz).<\/p>\n<p>25\/08 Fira agr\u00edcola i ramadera; concurs de bestiar, formatges i sidra; esport rural (Elgoibar).<\/p>\n<p>02-09\/09 (els dos diumenges) A la platja de la Concha, regates de traineres, amb una assist\u00e8ncia mitjana de 50.000 persones (Donostia \/ Sant Sebasti\u00e0).<\/p>\n<p>01\/09 Activitats agr\u00edcoles: VI edici\u00f3 del concurs de tom\u00e0quets, XVII edici\u00f3 de la fira d&#8217;agricultura ecol\u00f2gica i degustaci\u00f3 de sidra, amb m\u00e9s de 50 colliters de sidra (part vella de Donostia \/ Sant Sebasti\u00e0).<\/p>\n<p>02\/09 XXVIII edici\u00f3 del dia del pastor, amb exposici\u00f3 d&#8217;ovelles latxa, concurs de formatges d&#8217;Artzai Gazta, esquilada d&#8217;ovelles i degustaci\u00f3 de sidra i formatge d&#8217;ovella (Legazpia).<\/p>\n<p>05\/09 Festes basques: XIV concurs de formatges d&#8217;ovella latxa, concurs de fruites i hortalisses, exposici\u00f3 de bolets, XXXVII edici\u00f3 de la mostra de gallina basca, exposici\u00f3 i venda de productes del mas basc (Ordizia).<\/p>\n<p>08\/09 Agricultura ecol\u00f2gica: IV Fira d&#8217;agricultura ecol\u00f2gica (Orereta).<\/p>\n<p>11\/09 Fira agr\u00edcola i ramadera (Hondarribia).<\/p>\n<p>07-08\/10 Ramaderia: XXXIII edici\u00f3 del campionat d&#8217;Euskadi de bov\u00ed pirinenc, exposici\u00f3 d&#8217;animals (Gernika).<\/p>\n<p>11-14\/10 (quatre dies): dia de la cervesa amb degustaci\u00f3 de les cerveses seleccionades i servei de sopars a la pla\u00e7a de l&#8217;ajuntament (Oiartzun).<\/p>\n<p>27\/10 Dol\u00e7os de Tolosa: XXV edici\u00f3 de la venda de productes de rebosteria i fira (Tolosa).<\/p>\n<p>28\/10 Micologia: XXXIX edici\u00f3 de l&#8217;exposici\u00f3 de bolets (Zarautz).<\/p>\n<p>11\/11 Mitja marat\u00f3 Behobia &#8211; Donostia \/ Sant Sebasti\u00e0. Participen prop de 30.000 persones. (Irun).<\/p>\n<p>05-09\/12 Concentraci\u00f3 cultural: fira del llibre i del disc, amb l&#8217;assist\u00e8ncia d&#8217;unes 100.000 persones. (Durango).<\/p>\n<h2>Senderisme<\/h2>\n<p>Pasai Donibane (Donostia \/ Sant Sebasti\u00e0). Al costat del mar (3,5 h). Dificultat mitjana. Deixant el cotxe a Pasai Donibane, arribarem a Donostia \/ Sant Sebasti\u00e0 i amb autob\u00fas p\u00fablic podrem tornar a Pasai Donibane.<\/p>\n<p>Oiartzun, Aiako Harria (Pe\u00f1as de Aia). Des de la vessant de la muntanya, amb aparcament. Pujada al pic: 2 h. Dificultat mitjana. Pic de 950-1.000 m amb vistes panor\u00e0miques.<\/p>\n<p>Oiartzun, Artikutza, Donostia \/ Sant Sebasti\u00e0. Tot tipus de fauna en una petita selva; ideal per als amants de la naturalesa ecol\u00f2gica.<\/p>\n<p>Oiartzun. Conjunt megal\u00edtic de 10 cromlecs i 2 t\u00famuls de l&#8217;edat del ferro a Arritxulanga\u00f1a (Bianditz). Temps aproximat: 45 minuts.<\/p>\n<p>Larrun. Situat entre Ascain i Sara, amb una al\u00e7\u00e0ria de 1.200 m; la pujada es pot fer en tren i hi ha vistes panor\u00e0miques de les quatre estacions. Tamb\u00e9 es pot fer senderisme pel municipi de Bera. Temps: 3 h. Dificultat mitjana-alta.<\/p>\n<p>Irun. Al costat del riu Bidasoa i l&#8217;entrada de la mar, a Hondarribia-Hendaia, on trobem les marismes del Txingudi, amb passeig per a vianants i bicicletes. Temps: 3 h. Dificultat: 0 (asfaltat).<\/p>\n<h2>Visites guiades de pagament<\/h2>\n<p>Zumaia. Penya-segat protegit per la UNESCO. Passeig en vaixell de Zumaia a Deba i tornada en tren a Zumaia.<\/p>\n<p>Oiartzun, Arditurri. Galeria de mines. Visita guiada de 2 h (aprox.).<\/p>\n<p>Hernani. Txillida Leku (obert al p\u00fablic de nou).<\/p>\n","protected":false},"excerpt":{"rendered":"<p>Se situa a l&#8217;entrada del Parc Natural Aiako Harria (Pe\u00f1as de Aia), en territori del municipi d&#8217;Oiartzun. Es pot gaudir de la muntanya, del mar, o de la ciutat de Donostia \/ Sant Sebasti\u00e0, que es troba a 10 minuts. Als voltants hi ha els restaurants m\u00e9s recomanats de la contrada. Disposa d&#8217;un acc\u00e9s immillorable, [&hellip;]<\/p>\n","protected":false},"author":2,"featured_media":0,"parent":0,"menu_order":0,"comment_status":"closed","ping_status":"closed","template":"","meta":{"_genesis_hide_title":false,"_genesis_hide_breadcrumbs":false,"_genesis_hide_singular_image":false,"_genesis_hide_footer_widgets":false,"_genesis_custom_body_class":"","_genesis_custom_post_class":"","_genesis_layout":"content-sidebar","footnotes":""},"class_list":{"0":"post-1716","1":"page","2":"type-page","3":"status-publish","5":"entry"},"yoast_head":"<!-- This site is optimized with the Yoast SEO plugin v19.3 - https:\/\/yoast.com\/wordpress\/plugins\/seo\/ -->\n<title>Activitats - Casa Peluaga Oiartzun<\/title>\n<meta name=\"robots\" content=\"index, follow, max-snippet:-1, max-image-preview:large, max-video-preview:-1\" \/>\n<link rel=\"canonical\" href=\"https:\/\/peluaga.com\/ca\/activitats\/\" \/>\n<meta property=\"og:locale\" content=\"ca_ES\" \/>\n<meta property=\"og:type\" content=\"article\" \/>\n<meta property=\"og:title\" content=\"Activitats - Casa Peluaga Oiartzun\" \/>\n<meta property=\"og:description\" content=\"Se situa a l&#8217;entrada del Parc Natural Aiako Harria (Pe\u00f1as de Aia), en territori del municipi d&#8217;Oiartzun. Es pot gaudir de la muntanya, del mar, o de la ciutat de Donostia \/ Sant Sebasti\u00e0, que es troba a 10 minuts. Als voltants hi ha els restaurants m\u00e9s recomanats de la contrada. Disposa d&#8217;un acc\u00e9s immillorable, [&hellip;]\" \/>\n<meta property=\"og:url\" content=\"https:\/\/peluaga.com\/ca\/activitats\/\" \/>\n<meta property=\"og:site_name\" content=\"Casa Peluaga Oiartzun\" \/>\n<meta name=\"twitter:card\" content=\"summary_large_image\" \/>\n<meta name=\"twitter:label1\" content=\"Temps estimat de lectura\" \/>\n\t<meta name=\"twitter:data1\" content=\"3 minuts\" \/>\n<script type=\"application\/ld+json\" class=\"yoast-schema-graph\">{\"@context\":\"https:\/\/schema.org\",\"@graph\":[{\"@type\":\"WebSite\",\"@id\":\"https:\/\/peluaga.com\/#website\",\"url\":\"https:\/\/peluaga.com\/\",\"name\":\"Casa Peluaga Oiartzun\",\"description\":\"Casa Peluaga Oiartzun cerca de Donostia - San Sebasti\u00e1n\",\"potentialAction\":[{\"@type\":\"SearchAction\",\"target\":{\"@type\":\"EntryPoint\",\"urlTemplate\":\"https:\/\/peluaga.com\/?s={search_term_string}\"},\"query-input\":\"required name=search_term_string\"}],\"inLanguage\":\"ca\"},{\"@type\":\"WebPage\",\"@id\":\"https:\/\/peluaga.com\/ca\/activitats\/\",\"url\":\"https:\/\/peluaga.com\/ca\/activitats\/\",\"name\":\"Activitats - Casa Peluaga Oiartzun\",\"isPartOf\":{\"@id\":\"https:\/\/peluaga.com\/#website\"},\"datePublished\":\"2018-05-03T08:26:38+00:00\",\"dateModified\":\"2018-05-03T08:26:38+00:00\",\"breadcrumb\":{\"@id\":\"https:\/\/peluaga.com\/ca\/activitats\/#breadcrumb\"},\"inLanguage\":\"ca\",\"potentialAction\":[{\"@type\":\"ReadAction\",\"target\":[\"https:\/\/peluaga.com\/ca\/activitats\/\"]}]},{\"@type\":\"BreadcrumbList\",\"@id\":\"https:\/\/peluaga.com\/ca\/activitats\/#breadcrumb\",\"itemListElement\":[{\"@type\":\"ListItem\",\"position\":1,\"name\":\"Portada\",\"item\":\"https:\/\/peluaga.com\/\"},{\"@type\":\"ListItem\",\"position\":2,\"name\":\"Activitats\"}]}]}<\/script>\n<!-- \/ Yoast SEO plugin. -->","yoast_head_json":{"title":"Activitats - Casa Peluaga Oiartzun","robots":{"index":"index","follow":"follow","max-snippet":"max-snippet:-1","max-image-preview":"max-image-preview:large","max-video-preview":"max-video-preview:-1"},"canonical":"https:\/\/peluaga.com\/ca\/activitats\/","og_locale":"ca_ES","og_type":"article","og_title":"Activitats - Casa Peluaga Oiartzun","og_description":"Se situa a l&#8217;entrada del Parc Natural Aiako Harria (Pe\u00f1as de Aia), en territori del municipi d&#8217;Oiartzun. Es pot gaudir de la muntanya, del mar, o de la ciutat de Donostia \/ Sant Sebasti\u00e0, que es troba a 10 minuts. Als voltants hi ha els restaurants m\u00e9s recomanats de la contrada. Disposa d&#8217;un acc\u00e9s immillorable, [&hellip;]","og_url":"https:\/\/peluaga.com\/ca\/activitats\/","og_site_name":"Casa Peluaga Oiartzun","twitter_card":"summary_large_image","twitter_misc":{"Temps estimat de lectura":"3 minuts"},"schema":{"@context":"https:\/\/schema.org","@graph":[{"@type":"WebSite","@id":"https:\/\/peluaga.com\/#website","url":"https:\/\/peluaga.com\/","name":"Casa Peluaga Oiartzun","description":"Casa Peluaga Oiartzun cerca de Donostia - San Sebasti\u00e1n","potentialAction":[{"@type":"SearchAction","target":{"@type":"EntryPoint","urlTemplate":"https:\/\/peluaga.com\/?s={search_term_string}"},"query-input":"required name=search_term_string"}],"inLanguage":"ca"},{"@type":"WebPage","@id":"https:\/\/peluaga.com\/ca\/activitats\/","url":"https:\/\/peluaga.com\/ca\/activitats\/","name":"Activitats - Casa Peluaga Oiartzun","isPartOf":{"@id":"https:\/\/peluaga.com\/#website"},"datePublished":"2018-05-03T08:26:38+00:00","dateModified":"2018-05-03T08:26:38+00:00","breadcrumb":{"@id":"https:\/\/peluaga.com\/ca\/activitats\/#breadcrumb"},"inLanguage":"ca","potentialAction":[{"@type":"ReadAction","target":["https:\/\/peluaga.com\/ca\/activitats\/"]}]},{"@type":"BreadcrumbList","@id":"https:\/\/peluaga.com\/ca\/activitats\/#breadcrumb","itemListElement":[{"@type":"ListItem","position":1,"name":"Portada","item":"https:\/\/peluaga.com\/"},{"@type":"ListItem","position":2,"name":"Activitats"}]}]}},"_links":{"self":[{"href":"https:\/\/peluaga.com\/ca\/wp-json\/wp\/v2\/pages\/1716"}],"collection":[{"href":"https:\/\/peluaga.com\/ca\/wp-json\/wp\/v2\/pages"}],"about":[{"href":"https:\/\/peluaga.com\/ca\/wp-json\/wp\/v2\/types\/page"}],"author":[{"embeddable":true,"href":"https:\/\/peluaga.com\/ca\/wp-json\/wp\/v2\/users\/2"}],"replies":[{"embeddable":true,"href":"https:\/\/peluaga.com\/ca\/wp-json\/wp\/v2\/comments?post=1716"}],"version-history":[{"count":0,"href":"https:\/\/peluaga.com\/ca\/wp-json\/wp\/v2\/pages\/1716\/revisions"}],"wp:attachment":[{"href":"https:\/\/peluaga.com\/ca\/wp-json\/wp\/v2\/media?parent=1716"}],"curies":[{"name":"wp","href":"https:\/\/api.w.org\/{rel}","templated":true}]}}